{"id":1561,"date":"2025-06-07T16:11:14","date_gmt":"2025-06-07T14:11:14","guid":{"rendered":"https:\/\/www.zicsal.com\/materiaux\/"},"modified":"2025-09-08T15:19:00","modified_gmt":"2025-09-08T13:19:00","slug":"materiaux","status":"publish","type":"page","link":"https:\/\/www.zicsal.com\/fr\/materiaux\/","title":{"rendered":"Mat\u00e9riaux"},"content":{"rendered":"\t\t<div data-elementor-type=\"wp-page\" data-elementor-id=\"1561\" class=\"elementor elementor-1561 elementor-945\" data-elementor-post-type=\"page\">\n\t\t\t\t<div class=\"has_eae_slider elementor-element elementor-element-4490a48 e-con-full e-flex e-con e-parent\" data-eae-slider=\"85633\" data-id=\"4490a48\" data-element_type=\"container\" data-settings=\"{&quot;background_background&quot;:&quot;classic&quot;}\">\n\t\t<div class=\"has_eae_slider elementor-element elementor-element-b955795 e-flex e-con-boxed e-con e-child\" data-eae-slider=\"98511\" data-id=\"b955795\" data-element_type=\"container\">\n\t\t\t\t\t<div class=\"e-con-inner\">\n\t\t<div class=\"has_eae_slider elementor-element elementor-element-b86a82c e-con-full e-flex e-con e-child\" data-eae-slider=\"92513\" data-id=\"b86a82c\" data-element_type=\"container\">\n\t\t\t\t<div class=\"elementor-element elementor-element-cf9d683 elementor-widget elementor-widget-heading\" data-id=\"cf9d683\" data-element_type=\"widget\" data-widget_type=\"heading.default\">\n\t\t\t\t<div class=\"elementor-widget-container\">\n\t\t\t\t\t<h1 class=\"elementor-heading-title elementor-size-default\">Mat\u00e9riaux<\/h1>\t\t\t\t<\/div>\n\t\t\t\t<\/div>\n\t\t\t\t<div class=\"elementor-element elementor-element-75b3b80 elementor-widget elementor-widget-text-editor\" data-id=\"75b3b80\" data-element_type=\"widget\" data-widget_type=\"text-editor.default\">\n\t\t\t\t<div class=\"elementor-widget-container\">\n\t\t\t\t\t\t\t\t\t<p>Chez ZICSAL, nous s\u00e9lectionnons soigneusement les mat\u00e9riaux avec lesquels nous travaillons pour garantir la performance, la durabilit\u00e9 et la s\u00e9curit\u00e9 de chaque composant que nous fabriquons. Notre sp\u00e9cialisation dans les fonds form\u00e9s pour les r\u00e9servoirs, les chaudi\u00e8res et les appareils \u00e0 pression et les composants sur mesure nous permet de nous adapter aux exigences techniques de chaque secteur. <\/p>\t\t\t\t\t\t\t\t<\/div>\n\t\t\t\t<\/div>\n\t\t\t\t<div class=\"elementor-element elementor-element-fe99326 elementor-widget elementor-widget-text-editor\" data-id=\"fe99326\" data-element_type=\"widget\" data-widget_type=\"text-editor.default\">\n\t\t\t\t<div class=\"elementor-widget-container\">\n\t\t\t\t\t\t\t\t\t<p>Les mat\u00e9riaux que nous utilisons sont con\u00e7us pour fabriquer des produits tels que des fonds plats, coniques, torisph\u00e9riques, sph\u00e9riques et des viroles, utilis\u00e9s dans les appareils \u00e0 pression, les r\u00e9acteurs, les \u00e9changeurs de chaleur et les \u00e9quipements de stockage industriel. Nous travaillons avec une grande vari\u00e9t\u00e9 de mat\u00e9riaux pour nous adapter aux besoins de chaque secteur. Nous pouvons fournir les mat\u00e9riaux directement ou utiliser ceux fournis par le client, en garantissant toujours la meilleure qualit\u00e9 et la plus grande r\u00e9sistance pour chaque pi\u00e8ce fabriqu\u00e9e.  <\/p>\t\t\t\t\t\t\t\t<\/div>\n\t\t\t\t<\/div>\n\t\t\t\t<\/div>\n\t\t<div class=\"has_eae_slider elementor-element elementor-element-fa07732 e-con-full elementor-hidden-mobile e-flex e-con e-child\" data-eae-slider=\"26185\" data-id=\"fa07732\" data-element_type=\"container\">\n\t\t\t\t<\/div>\n\t\t\t\t\t<\/div>\n\t\t\t\t<\/div>\n\t\t\t\t<\/div>\n\t\t<div class=\"has_eae_slider elementor-element elementor-element-6a305e6 e-flex e-con-boxed e-con e-parent\" data-eae-slider=\"50879\" data-id=\"6a305e6\" data-element_type=\"container\">\n\t\t\t\t\t<div class=\"e-con-inner\">\n\t\t<div class=\"has_eae_slider elementor-element elementor-element-cd0a0e1 e-grid e-con-full e-con e-child\" data-eae-slider=\"46357\" data-id=\"cd0a0e1\" data-element_type=\"container\">\n\t\t<div class=\"has_eae_slider elementor-element elementor-element-ea0addd e-con-full e-flex e-con e-child\" data-eae-slider=\"69237\" data-id=\"ea0addd\" data-element_type=\"container\">\n\t\t\t\t<div class=\"elementor-element elementor-element-f3a246f elementor-widget elementor-widget-image\" data-id=\"f3a246f\" data-element_type=\"widget\" data-widget_type=\"image.default\">\n\t\t\t\t<div class=\"elementor-widget-container\">\n\t\t\t\t\t\t\t\t\t\t\t\t\t\t\t<img decoding=\"async\" width=\"2560\" height=\"1707\" src=\"https:\/\/www.zicsal.com\/wp-content\/uploads\/2025\/07\/foto-3-scaled.png\" class=\"attachment-full size-full wp-image-2879\" alt=\"\" srcset=\"https:\/\/www.zicsal.com\/wp-content\/uploads\/2025\/07\/foto-3-scaled.png 2560w, https:\/\/www.zicsal.com\/wp-content\/uploads\/2025\/07\/foto-3-300x200.png 300w, https:\/\/www.zicsal.com\/wp-content\/uploads\/2025\/07\/foto-3-1024x683.png 1024w, https:\/\/www.zicsal.com\/wp-content\/uploads\/2025\/07\/foto-3-768x512.png 768w, https:\/\/www.zicsal.com\/wp-content\/uploads\/2025\/07\/foto-3-1536x1024.png 1536w, https:\/\/www.zicsal.com\/wp-content\/uploads\/2025\/07\/foto-3-2048x1365.png 2048w\" sizes=\"(max-width: 2560px) 100vw, 2560px\" \/>\t\t\t\t\t\t\t\t\t\t\t\t\t\t\t<\/div>\n\t\t\t\t<\/div>\n\t\t\t\t<div class=\"elementor-element elementor-element-c033d6c elementor-widget elementor-widget-heading\" data-id=\"c033d6c\" data-element_type=\"widget\" data-widget_type=\"heading.default\">\n\t\t\t\t<div class=\"elementor-widget-container\">\n\t\t\t\t\t<h3 class=\"elementor-heading-title elementor-size-default\">Mat\u00e9riaux<\/h3>\t\t\t\t<\/div>\n\t\t\t\t<\/div>\n\t\t\t\t<div class=\"elementor-element elementor-element-5cb2716 elementor-widget elementor-widget-text-editor\" data-id=\"5cb2716\" data-element_type=\"widget\" data-widget_type=\"text-editor.default\">\n\t\t\t\t<div class=\"elementor-widget-container\">\n\t\t\t\t\t\t\t\t\t<p>Mat\u00e9riau structurel tr\u00e8s polyvalent, id\u00e9al pour les composants qui doivent r\u00e9sister \u00e0 des pressions \u00e9lev\u00e9es ou \u00e0 des conditions m\u00e9caniques exigeantes.<\/p><p><strong>S235JR, S275JR, S355J2+N, P265GH, P295GH, P355GH, P355NL1, SA 285 Gr. C, SA 516 Gr. 60, SA 516 Gr. 70. <\/strong><\/p>\t\t\t\t\t\t\t\t<\/div>\n\t\t\t\t<\/div>\n\t\t\t\t<\/div>\n\t\t<div class=\"has_eae_slider elementor-element elementor-element-4290b36 e-con-full e-flex e-con e-child\" data-eae-slider=\"66391\" data-id=\"4290b36\" data-element_type=\"container\">\n\t\t\t\t<div class=\"elementor-element elementor-element-f6a0687 elementor-widget elementor-widget-image\" data-id=\"f6a0687\" data-element_type=\"widget\" data-widget_type=\"image.default\">\n\t\t\t\t<div class=\"elementor-widget-container\">\n\t\t\t\t\t\t\t\t\t\t\t\t\t\t\t<img decoding=\"async\" width=\"2560\" height=\"1707\" src=\"https:\/\/www.zicsal.com\/wp-content\/uploads\/2025\/07\/Sheet-Metal-stacked-scaled-1.jpg\" class=\"attachment-full size-full wp-image-2883\" alt=\"\" srcset=\"https:\/\/www.zicsal.com\/wp-content\/uploads\/2025\/07\/Sheet-Metal-stacked-scaled-1.jpg 2560w, https:\/\/www.zicsal.com\/wp-content\/uploads\/2025\/07\/Sheet-Metal-stacked-scaled-1-300x200.jpg 300w, https:\/\/www.zicsal.com\/wp-content\/uploads\/2025\/07\/Sheet-Metal-stacked-scaled-1-1024x683.jpg 1024w, https:\/\/www.zicsal.com\/wp-content\/uploads\/2025\/07\/Sheet-Metal-stacked-scaled-1-768x512.jpg 768w, https:\/\/www.zicsal.com\/wp-content\/uploads\/2025\/07\/Sheet-Metal-stacked-scaled-1-1536x1024.jpg 1536w, https:\/\/www.zicsal.com\/wp-content\/uploads\/2025\/07\/Sheet-Metal-stacked-scaled-1-2048x1366.jpg 2048w\" sizes=\"(max-width: 2560px) 100vw, 2560px\" \/>\t\t\t\t\t\t\t\t\t\t\t\t\t\t\t<\/div>\n\t\t\t\t<\/div>\n\t\t\t\t<div class=\"elementor-element elementor-element-723e9c9 elementor-widget elementor-widget-heading\" data-id=\"723e9c9\" data-element_type=\"widget\" data-widget_type=\"heading.default\">\n\t\t\t\t<div class=\"elementor-widget-container\">\n\t\t\t\t\t<h3 class=\"elementor-heading-title elementor-size-default\">Acier inoxydable<\/h3>\t\t\t\t<\/div>\n\t\t\t\t<\/div>\n\t\t\t\t<div class=\"elementor-element elementor-element-bf0a45b elementor-widget elementor-widget-text-editor\" data-id=\"bf0a45b\" data-element_type=\"widget\" data-widget_type=\"text-editor.default\">\n\t\t\t\t<div class=\"elementor-widget-container\">\n\t\t\t\t\t\t\t\t\t<p>Utilis\u00e9 dans des applications n\u00e9cessitant une r\u00e9sistance \u00e9lev\u00e9e \u00e0 la corrosion, des conditions sanitaires exigeantes ou des environnements chimiques agressifs.<\/p><p><strong>AISI 304, AISI 304L, AISI 321, AISI 316, AISI 316L, AISI 904L, AISI 316Ti, AISI 310S, 1.4301, 1.4307, 1.4541, 1.4401, 1.4404, 1.4571,1.4539, 1.4845.<\/strong><\/p>\t\t\t\t\t\t\t\t<\/div>\n\t\t\t\t<\/div>\n\t\t\t\t<\/div>\n\t\t<div class=\"has_eae_slider elementor-element elementor-element-5a5d6dc e-con-full e-flex e-con e-child\" data-eae-slider=\"59349\" data-id=\"5a5d6dc\" data-element_type=\"container\">\n\t\t\t\t<div class=\"elementor-element elementor-element-fdeec78 elementor-widget elementor-widget-image\" data-id=\"fdeec78\" data-element_type=\"widget\" data-widget_type=\"image.default\">\n\t\t\t\t<div class=\"elementor-widget-container\">\n\t\t\t\t\t\t\t\t\t\t\t\t\t\t\t<img decoding=\"async\" width=\"800\" height=\"534\" src=\"https:\/\/www.zicsal.com\/wp-content\/uploads\/2025\/07\/fotos-zicsal-materiales-scaled-1-1024x683.jpg\" class=\"attachment-large size-large wp-image-2887\" alt=\"\" srcset=\"https:\/\/www.zicsal.com\/wp-content\/uploads\/2025\/07\/fotos-zicsal-materiales-scaled-1-1024x683.jpg 1024w, https:\/\/www.zicsal.com\/wp-content\/uploads\/2025\/07\/fotos-zicsal-materiales-scaled-1-300x200.jpg 300w, https:\/\/www.zicsal.com\/wp-content\/uploads\/2025\/07\/fotos-zicsal-materiales-scaled-1-768x512.jpg 768w, https:\/\/www.zicsal.com\/wp-content\/uploads\/2025\/07\/fotos-zicsal-materiales-scaled-1-1536x1024.jpg 1536w, https:\/\/www.zicsal.com\/wp-content\/uploads\/2025\/07\/fotos-zicsal-materiales-scaled-1-2048x1366.jpg 2048w\" sizes=\"(max-width: 800px) 100vw, 800px\" \/>\t\t\t\t\t\t\t\t\t\t\t\t\t\t\t<\/div>\n\t\t\t\t<\/div>\n\t\t\t\t<div class=\"elementor-element elementor-element-c261605 elementor-widget elementor-widget-heading\" data-id=\"c261605\" data-element_type=\"widget\" data-widget_type=\"heading.default\">\n\t\t\t\t<div class=\"elementor-widget-container\">\n\t\t\t\t\t<h1 class=\"elementor-heading-title elementor-size-default\">Mat\u00e9riaux fournis par le client<\/h1>\t\t\t\t<\/div>\n\t\t\t\t<\/div>\n\t\t\t\t<div class=\"elementor-element elementor-element-6ddd269 elementor-widget elementor-widget-text-editor\" data-id=\"6ddd269\" data-element_type=\"widget\" data-widget_type=\"text-editor.default\">\n\t\t\t\t<div class=\"elementor-widget-container\">\n\t\t\t\t\t\t\t\t\t<p>Pour des projets techniques tr\u00e8s sp\u00e9cifiques, o\u00f9 une int\u00e9gration compl\u00e8te avec les syst\u00e8mes du client ou des mat\u00e9riaux sp\u00e9ciaux non standard sont n\u00e9cessaires.<\/p><p><strong>Aluminium, bim\u00e9tal, duplex, nickel.<\/strong><\/p>\t\t\t\t\t\t\t\t<\/div>\n\t\t\t\t<\/div>\n\t\t\t\t<\/div>\n\t\t\t\t<\/div>\n\t\t\t\t\t<\/div>\n\t\t\t\t<\/div>\n\t\t<div class=\"has_eae_slider elementor-element elementor-element-f30faa2 e-flex e-con-boxed e-con e-parent\" data-eae-slider=\"9437\" data-id=\"f30faa2\" data-element_type=\"container\" data-settings=\"{&quot;background_background&quot;:&quot;classic&quot;}\">\n\t\t\t\t\t<div class=\"e-con-inner\">\n\t\t\t\t<div class=\"elementor-element elementor-element-9e0d9e1 elementor-widget__width-initial elementor-widget-mobile__width-initial elementor-widget elementor-widget-heading\" data-id=\"9e0d9e1\" data-element_type=\"widget\" data-widget_type=\"heading.default\">\n\t\t\t\t<div class=\"elementor-widget-container\">\n\t\t\t\t\t<h1 class=\"elementor-heading-title elementor-size-default\">Si votre secteur d'activit\u00e9 exige de la pr\u00e9cision, dites-nous ce dont vous avez besoin.<\/h1>\t\t\t\t<\/div>\n\t\t\t\t<\/div>\n\t\t\t\t<div class=\"elementor-element elementor-element-0fe28be elementor-align-left elementor-widget elementor-widget-button\" data-id=\"0fe28be\" data-element_type=\"widget\" data-widget_type=\"button.default\">\n\t\t\t\t<div class=\"elementor-widget-container\">\n\t\t\t\t\t\t\t\t\t<div class=\"elementor-button-wrapper\">\n\t\t\t\t\t<a class=\"elementor-button elementor-button-link elementor-size-sm\" href=\"https:\/\/www.zicsal.com\/fr\/contact\/\">\n\t\t\t\t\t\t<span class=\"elementor-button-content-wrapper\">\n\t\t\t\t\t\t\t\t\t<span class=\"elementor-button-text\">Contactez nous<\/span>\n\t\t\t\t\t<\/span>\n\t\t\t\t\t<\/a>\n\t\t\t\t<\/div>\n\t\t\t\t\t\t\t\t<\/div>\n\t\t\t\t<\/div>\n\t\t\t\t\t<\/div>\n\t\t\t\t<\/div>\n\t\t\t\t<\/div>\n\t\t","protected":false},"excerpt":{"rendered":"<p>Mat\u00e9riaux Chez ZICSAL, nous s\u00e9lectionnons soigneusement les mat\u00e9riaux avec lesquels nous travaillons pour garantir la performance, la durabilit\u00e9 et la s\u00e9curit\u00e9 de chaque composant que nous fabriquons. Notre sp\u00e9cialisation dans les fonds form\u00e9s pour les r\u00e9servoirs, les chaudi\u00e8res et les appareils \u00e0 pression et les composants sur mesure nous permet de nous adapter aux exigences [&hellip;]<\/p>\n","protected":false},"author":1,"featured_media":0,"parent":0,"menu_order":0,"comment_status":"closed","ping_status":"closed","template":"elementor_header_footer","meta":{"_acf_changed":false,"_joinchat":[],"footnotes":""},"class_list":["post-1561","page","type-page","status-publish","hentry"],"acf":[],"yoast_head":"<!-- This site is optimized with the Yoast SEO plugin v26.3 - https:\/\/yoast.com\/wordpress\/plugins\/seo\/ -->\n<title>Mat\u00e9riaux - Zicsal<\/title>\n<meta name=\"description\" content=\"ZICSAL utilise de l\u2019acier inoxydable, carbone, duplex et autres pour fabriquer des fonds industriels durables et adapt\u00e9s \u00e0 chaque secteur.\" \/>\n<meta name=\"robots\" content=\"index, follow, max-snippet:-1, max-image-preview:large, max-video-preview:-1\" \/>\n<link rel=\"canonical\" href=\"https:\/\/www.zicsal.com\/fr\/materiaux\/\" \/>\n<meta property=\"og:locale\" content=\"fr_FR\" \/>\n<meta property=\"og:type\" content=\"article\" \/>\n<meta property=\"og:title\" content=\"Mat\u00e9riaux - Zicsal\" \/>\n<meta property=\"og:description\" content=\"ZICSAL utilise de l\u2019acier inoxydable, carbone, duplex et autres pour fabriquer des fonds industriels durables et adapt\u00e9s \u00e0 chaque secteur.\" \/>\n<meta property=\"og:url\" content=\"https:\/\/www.zicsal.com\/fr\/materiaux\/\" \/>\n<meta property=\"og:site_name\" content=\"Zicsal\" \/>\n<meta property=\"article:modified_time\" content=\"2025-09-08T13:19:00+00:00\" \/>\n<meta property=\"og:image\" content=\"https:\/\/www.zicsal.com\/wp-content\/uploads\/2025\/07\/foto-3-scaled.png\" \/>\n<meta name=\"twitter:card\" content=\"summary_large_image\" \/>\n<meta name=\"twitter:label1\" content=\"Dur\u00e9e de lecture estim\u00e9e\" \/>\n\t<meta name=\"twitter:data1\" content=\"2 minutes\" \/>\n<script type=\"application\/ld+json\" class=\"yoast-schema-graph\">{\"@context\":\"https:\/\/schema.org\",\"@graph\":[{\"@type\":\"WebPage\",\"@id\":\"https:\/\/www.zicsal.com\/fr\/materiaux\/\",\"url\":\"https:\/\/www.zicsal.com\/fr\/materiaux\/\",\"name\":\"Mat\u00e9riaux - Zicsal\",\"isPartOf\":{\"@id\":\"https:\/\/www.zicsal.com\/fr\/#website\"},\"primaryImageOfPage\":{\"@id\":\"https:\/\/www.zicsal.com\/fr\/materiaux\/#primaryimage\"},\"image\":{\"@id\":\"https:\/\/www.zicsal.com\/fr\/materiaux\/#primaryimage\"},\"thumbnailUrl\":\"https:\/\/www.zicsal.com\/wp-content\/uploads\/2025\/07\/foto-3-scaled.png\",\"datePublished\":\"2025-06-07T14:11:14+00:00\",\"dateModified\":\"2025-09-08T13:19:00+00:00\",\"description\":\"ZICSAL utilise de l\u2019acier inoxydable, carbone, duplex et autres pour fabriquer des fonds industriels durables et adapt\u00e9s \u00e0 chaque secteur.\",\"breadcrumb\":{\"@id\":\"https:\/\/www.zicsal.com\/fr\/materiaux\/#breadcrumb\"},\"inLanguage\":\"fr-FR\",\"potentialAction\":[{\"@type\":\"ReadAction\",\"target\":[\"https:\/\/www.zicsal.com\/fr\/materiaux\/\"]}]},{\"@type\":\"ImageObject\",\"inLanguage\":\"fr-FR\",\"@id\":\"https:\/\/www.zicsal.com\/fr\/materiaux\/#primaryimage\",\"url\":\"https:\/\/www.zicsal.com\/wp-content\/uploads\/2025\/07\/foto-3-scaled.png\",\"contentUrl\":\"https:\/\/www.zicsal.com\/wp-content\/uploads\/2025\/07\/foto-3-scaled.png\"},{\"@type\":\"BreadcrumbList\",\"@id\":\"https:\/\/www.zicsal.com\/fr\/materiaux\/#breadcrumb\",\"itemListElement\":[{\"@type\":\"ListItem\",\"position\":1,\"name\":\"Portada\",\"item\":\"https:\/\/www.zicsal.com\/fr\/\"},{\"@type\":\"ListItem\",\"position\":2,\"name\":\"Mat\u00e9riaux\"}]},{\"@type\":\"WebSite\",\"@id\":\"https:\/\/www.zicsal.com\/fr\/#website\",\"url\":\"https:\/\/www.zicsal.com\/fr\/\",\"name\":\"Zicsal\",\"description\":\"Zicsal\",\"potentialAction\":[{\"@type\":\"SearchAction\",\"target\":{\"@type\":\"EntryPoint\",\"urlTemplate\":\"https:\/\/www.zicsal.com\/fr\/?s={search_term_string}\"},\"query-input\":{\"@type\":\"PropertyValueSpecification\",\"valueRequired\":true,\"valueName\":\"search_term_string\"}}],\"inLanguage\":\"fr-FR\"}]}<\/script>\n<!-- \/ Yoast SEO plugin. -->","yoast_head_json":{"title":"Mat\u00e9riaux - Zicsal","description":"ZICSAL utilise de l\u2019acier inoxydable, carbone, duplex et autres pour fabriquer des fonds industriels durables et adapt\u00e9s \u00e0 chaque secteur.","robots":{"index":"index","follow":"follow","max-snippet":"max-snippet:-1","max-image-preview":"max-image-preview:large","max-video-preview":"max-video-preview:-1"},"canonical":"https:\/\/www.zicsal.com\/fr\/materiaux\/","og_locale":"fr_FR","og_type":"article","og_title":"Mat\u00e9riaux - Zicsal","og_description":"ZICSAL utilise de l\u2019acier inoxydable, carbone, duplex et autres pour fabriquer des fonds industriels durables et adapt\u00e9s \u00e0 chaque secteur.","og_url":"https:\/\/www.zicsal.com\/fr\/materiaux\/","og_site_name":"Zicsal","article_modified_time":"2025-09-08T13:19:00+00:00","og_image":[{"url":"https:\/\/www.zicsal.com\/wp-content\/uploads\/2025\/07\/foto-3-scaled.png","type":"","width":"","height":""}],"twitter_card":"summary_large_image","twitter_misc":{"Dur\u00e9e de lecture estim\u00e9e":"2 minutes"},"schema":{"@context":"https:\/\/schema.org","@graph":[{"@type":"WebPage","@id":"https:\/\/www.zicsal.com\/fr\/materiaux\/","url":"https:\/\/www.zicsal.com\/fr\/materiaux\/","name":"Mat\u00e9riaux - Zicsal","isPartOf":{"@id":"https:\/\/www.zicsal.com\/fr\/#website"},"primaryImageOfPage":{"@id":"https:\/\/www.zicsal.com\/fr\/materiaux\/#primaryimage"},"image":{"@id":"https:\/\/www.zicsal.com\/fr\/materiaux\/#primaryimage"},"thumbnailUrl":"https:\/\/www.zicsal.com\/wp-content\/uploads\/2025\/07\/foto-3-scaled.png","datePublished":"2025-06-07T14:11:14+00:00","dateModified":"2025-09-08T13:19:00+00:00","description":"ZICSAL utilise de l\u2019acier inoxydable, carbone, duplex et autres pour fabriquer des fonds industriels durables et adapt\u00e9s \u00e0 chaque secteur.","breadcrumb":{"@id":"https:\/\/www.zicsal.com\/fr\/materiaux\/#breadcrumb"},"inLanguage":"fr-FR","potentialAction":[{"@type":"ReadAction","target":["https:\/\/www.zicsal.com\/fr\/materiaux\/"]}]},{"@type":"ImageObject","inLanguage":"fr-FR","@id":"https:\/\/www.zicsal.com\/fr\/materiaux\/#primaryimage","url":"https:\/\/www.zicsal.com\/wp-content\/uploads\/2025\/07\/foto-3-scaled.png","contentUrl":"https:\/\/www.zicsal.com\/wp-content\/uploads\/2025\/07\/foto-3-scaled.png"},{"@type":"BreadcrumbList","@id":"https:\/\/www.zicsal.com\/fr\/materiaux\/#breadcrumb","itemListElement":[{"@type":"ListItem","position":1,"name":"Portada","item":"https:\/\/www.zicsal.com\/fr\/"},{"@type":"ListItem","position":2,"name":"Mat\u00e9riaux"}]},{"@type":"WebSite","@id":"https:\/\/www.zicsal.com\/fr\/#website","url":"https:\/\/www.zicsal.com\/fr\/","name":"Zicsal","description":"Zicsal","potentialAction":[{"@type":"SearchAction","target":{"@type":"EntryPoint","urlTemplate":"https:\/\/www.zicsal.com\/fr\/?s={search_term_string}"},"query-input":{"@type":"PropertyValueSpecification","valueRequired":true,"valueName":"search_term_string"}}],"inLanguage":"fr-FR"}]}},"_links":{"self":[{"href":"https:\/\/www.zicsal.com\/fr\/wp-json\/wp\/v2\/pages\/1561","targetHints":{"allow":["GET"]}}],"collection":[{"href":"https:\/\/www.zicsal.com\/fr\/wp-json\/wp\/v2\/pages"}],"about":[{"href":"https:\/\/www.zicsal.com\/fr\/wp-json\/wp\/v2\/types\/page"}],"author":[{"embeddable":true,"href":"https:\/\/www.zicsal.com\/fr\/wp-json\/wp\/v2\/users\/1"}],"replies":[{"embeddable":true,"href":"https:\/\/www.zicsal.com\/fr\/wp-json\/wp\/v2\/comments?post=1561"}],"version-history":[{"count":2,"href":"https:\/\/www.zicsal.com\/fr\/wp-json\/wp\/v2\/pages\/1561\/revisions"}],"predecessor-version":[{"id":2981,"href":"https:\/\/www.zicsal.com\/fr\/wp-json\/wp\/v2\/pages\/1561\/revisions\/2981"}],"wp:attachment":[{"href":"https:\/\/www.zicsal.com\/fr\/wp-json\/wp\/v2\/media?parent=1561"}],"curies":[{"name":"wp","href":"https:\/\/api.w.org\/{rel}","templated":true}]}}